{"id":5550,"date":"2025-12-17T13:36:03","date_gmt":"2025-12-17T13:36:03","guid":{"rendered":"https:\/\/antrickfilms.com\/about\/"},"modified":"2026-03-31T16:00:16","modified_gmt":"2026-03-31T16:00:16","slug":"about","status":"publish","type":"page","link":"https:\/\/antrickfilms.com\/ca\/about\/","title":{"rendered":"ABOUT"},"content":{"rendered":"\t\t<div data-elementor-type=\"wp-page\" data-elementor-id=\"5550\" class=\"elementor elementor-5550 elementor-5335\" data-elementor-post-type=\"page\">\n\t\t\t\t<div class=\"elementor-element elementor-element-59b6c0b e-con-full e-flex e-con e-parent\" data-id=\"59b6c0b\" data-element_type=\"container\" data-e-type=\"container\" data-settings=\"{&quot;background_background&quot;:&quot;classic&quot;}\">\n\t\t\t\t<div class=\"elementor-element elementor-element-5f2c951 elementor-hidden-tablet_extra elementor-hidden-tablet elementor-hidden-mobile_extra elementor-hidden-mobile elementor-widget elementor-widget-image\" data-id=\"5f2c951\" data-element_type=\"widget\" data-e-type=\"widget\" data-widget_type=\"image.default\">\n\t\t\t\t\t\t\t\t\t\t\t\t\t\t\t<img fetchpriority=\"high\" decoding=\"async\" width=\"1720\" height=\"485\" src=\"https:\/\/antrickfilms.com\/wp-content\/uploads\/2025\/11\/Antrick-Resplandor-Blanc-e1578506757432.png\" class=\"attachment-full size-full wp-image-5551\" alt=\"\" srcset=\"https:\/\/antrickfilms.com\/wp-content\/uploads\/2025\/11\/Antrick-Resplandor-Blanc-e1578506757432.png 1720w, https:\/\/antrickfilms.com\/wp-content\/uploads\/2025\/11\/Antrick-Resplandor-Blanc-e1578506757432-300x85.png 300w, https:\/\/antrickfilms.com\/wp-content\/uploads\/2025\/11\/Antrick-Resplandor-Blanc-e1578506757432-1024x289.png 1024w, https:\/\/antrickfilms.com\/wp-content\/uploads\/2025\/11\/Antrick-Resplandor-Blanc-e1578506757432-768x217.png 768w, https:\/\/antrickfilms.com\/wp-content\/uploads\/2025\/11\/Antrick-Resplandor-Blanc-e1578506757432-1536x433.png 1536w\" sizes=\"(max-width: 1720px) 100vw, 1720px\" \/>\t\t\t\t\t\t\t\t\t\t\t\t\t\t\t<\/div>\n\t\t\t\t<div class=\"elementor-element elementor-element-1b585d1 elementor-hidden-tablet_extra elementor-hidden-tablet elementor-hidden-mobile_extra elementor-hidden-mobile elementor-widget-divider--view-line elementor-widget elementor-widget-divider\" data-id=\"1b585d1\" data-element_type=\"widget\" data-e-type=\"widget\" data-widget_type=\"divider.default\">\n\t\t\t\t\t\t\t<div class=\"elementor-divider\">\n\t\t\t<span class=\"elementor-divider-separator\">\n\t\t\t\t\t\t<\/span>\n\t\t<\/div>\n\t\t\t\t\t\t<\/div>\n\t\t\t\t<div class=\"elementor-element elementor-element-1a12054 elementor-widget elementor-widget-heading\" data-id=\"1a12054\" data-element_type=\"widget\" data-e-type=\"widget\" data-widget_type=\"heading.default\">\n\t\t\t\t\t<p class=\"elementor-heading-title elementor-size-default\">Video Branding \u00b7 TV Content \u00b7 Creativity \u00b7 Aerial Shots<\/p>\t\t\t\t<\/div>\n\t\t\t\t<\/div>\n\t\t<div class=\"elementor-element elementor-element-a3a2a4a e-flex e-con-boxed e-con e-parent\" data-id=\"a3a2a4a\" data-element_type=\"container\" data-e-type=\"container\">\n\t\t\t\t\t<div class=\"e-con-inner\">\n\t\t\t\t<div class=\"elementor-element elementor-element-6fcc1e4 elementor-widget elementor-widget-text-editor\" data-id=\"6fcc1e4\" data-element_type=\"widget\" data-e-type=\"widget\" data-widget_type=\"text-editor.default\">\n\t\t\t\t\t\t\t\t\t<p>Benvingut\/da al web d\u2019<strong>Antrick Films,<\/strong> especialistes en creaci\u00f3 audiovisual. Considerem el v\u00eddeo com l\u2019eina de comunicaci\u00f3 m\u00e9s potent que existeix, transmissora d\u2019emocions. El \u2018missatger infal\u00b7lible\u2019; clar i directe. On la <strong>m\u00fasica<\/strong> comparteix paper protagonista amb la pr\u00f2pia imatge. Cara a cara, d\u2019igual a igual.    <\/p><p><strong>Creem contingut<\/strong> a base d\u2019hist\u00f2ries que expliquen, fomenten i impulsen el teu projecte <strong>fins a on tu vulguis.<\/strong><\/p><p>Amb m\u00e9s de 15 anys d\u2019experi\u00e8ncia, continuem avan\u00e7ant amb rumb ferm i fins on la imaginaci\u00f3 i l\u2019energia ens portin. Cosa que conservem intacte i a ple rendiment des del primer moment. Doncs <strong>els cims aqu\u00ed, els considerem infinits. <\/strong> <\/p><p><strong>Amb ritme i passi\u00f3<\/strong>, aquests s\u00f3n alguns dels canals de TV, institucions i empreses amb les quals hem tingut el privilegi de col\u00b7laborar-hi:<\/p>\t\t\t\t\t\t\t\t<\/div>\n\t\t\t\t\t<\/div>\n\t\t\t\t<\/div>\n\t\t<div class=\"elementor-element elementor-element-571a0d3 e-flex e-con-boxed e-con e-parent\" data-id=\"571a0d3\" data-element_type=\"container\" data-e-type=\"container\">\n\t\t\t\t\t<div class=\"e-con-inner\">\n\t\t\t\t<div class=\"elementor-element elementor-element-f83ebec elementor-arrows-position-inside elementor-widget elementor-widget-n-carousel\" data-id=\"f83ebec\" data-element_type=\"widget\" data-e-type=\"widget\" data-settings=\"{&quot;carousel_items&quot;:[{&quot;slide_title&quot;:&quot;Diapositiva n\\u00ba 1&quot;,&quot;_id&quot;:&quot;4c74972&quot;},{&quot;slide_title&quot;:&quot;Diapositiva n\\u00ba 2&quot;,&quot;_id&quot;:&quot;7e9cbc8&quot;}],&quot;slides_to_show&quot;:&quot;1&quot;,&quot;slides_to_scroll&quot;:&quot;1&quot;,&quot;image_spacing_custom&quot;:{&quot;unit&quot;:&quot;px&quot;,&quot;size&quot;:&quot;&quot;,&quot;sizes&quot;:[]},&quot;autoplay_speed&quot;:6000,&quot;slides_to_show_tablet&quot;:&quot;2&quot;,&quot;slides_to_show_mobile&quot;:&quot;1&quot;,&quot;autoplay&quot;:&quot;yes&quot;,&quot;pause_on_hover&quot;:&quot;yes&quot;,&quot;pause_on_interaction&quot;:&quot;yes&quot;,&quot;infinite&quot;:&quot;yes&quot;,&quot;speed&quot;:500,&quot;offset_sides&quot;:&quot;none&quot;,&quot;arrows&quot;:&quot;yes&quot;,&quot;image_spacing_custom_widescreen&quot;:{&quot;unit&quot;:&quot;px&quot;,&quot;size&quot;:&quot;&quot;,&quot;sizes&quot;:[]},&quot;image_spacing_custom_laptop&quot;:{&quot;unit&quot;:&quot;px&quot;,&quot;size&quot;:&quot;&quot;,&quot;sizes&quot;:[]},&quot;image_spacing_custom_tablet_extra&quot;:{&quot;unit&quot;:&quot;px&quot;,&quot;size&quot;:&quot;&quot;,&quot;sizes&quot;:[]},&quot;image_spacing_custom_tablet&quot;:{&quot;unit&quot;:&quot;px&quot;,&quot;size&quot;:&quot;&quot;,&quot;sizes&quot;:[]},&quot;image_spacing_custom_mobile_extra&quot;:{&quot;unit&quot;:&quot;px&quot;,&quot;size&quot;:&quot;&quot;,&quot;sizes&quot;:[]},&quot;image_spacing_custom_mobile&quot;:{&quot;unit&quot;:&quot;px&quot;,&quot;size&quot;:&quot;&quot;,&quot;sizes&quot;:[]}}\" data-widget_type=\"nested-carousel.default\">\n\t\t\t\t\t\t\t<div class=\"e-n-carousel swiper\" role=\"region\" aria-roledescription=\"carousel\" aria-label=\"Carrusel\" dir=\"ltr\">\n\t\t\t<div class=\"swiper-wrapper\" aria-live=\"off\">\n\t\t\t\t\t\t\t\t\t\t<div class=\"swiper-slide\" data-slide=\"1\" role=\"group\" aria-roledescription=\"slide\" aria-label=\"1 of 2\">\n\t\t\t\t\t\t\t<div class=\"elementor-element elementor-element-5048de3 e-con-full e-flex e-con e-child\" data-id=\"5048de3\" data-element_type=\"container\" data-e-type=\"container\">\n\t\t\t\t<div class=\"elementor-element elementor-element-7c9b852 elementor-widget elementor-widget-image\" data-id=\"7c9b852\" data-element_type=\"widget\" data-e-type=\"widget\" data-widget_type=\"image.default\">\n\t\t\t\t\t\t\t\t\t\t\t\t\t\t\t<img decoding=\"async\" width=\"1790\" height=\"549\" src=\"https:\/\/antrickfilms.com\/wp-content\/uploads\/2025\/11\/Logos-web-fons-blanc-1-final3.jpg\" class=\"attachment-full size-full wp-image-5553\" alt=\"\" srcset=\"https:\/\/antrickfilms.com\/wp-content\/uploads\/2025\/11\/Logos-web-fons-blanc-1-final3.jpg 1790w, https:\/\/antrickfilms.com\/wp-content\/uploads\/2025\/11\/Logos-web-fons-blanc-1-final3-300x92.jpg 300w, https:\/\/antrickfilms.com\/wp-content\/uploads\/2025\/11\/Logos-web-fons-blanc-1-final3-1024x314.jpg 1024w, https:\/\/antrickfilms.com\/wp-content\/uploads\/2025\/11\/Logos-web-fons-blanc-1-final3-768x236.jpg 768w, https:\/\/antrickfilms.com\/wp-content\/uploads\/2025\/11\/Logos-web-fons-blanc-1-final3-1536x471.jpg 1536w\" sizes=\"(max-width: 1790px) 100vw, 1790px\" \/>\t\t\t\t\t\t\t\t\t\t\t\t\t\t\t<\/div>\n\t\t\t\t<\/div>\n\t\t\t\t\t\t\t\t<\/div>\n\t\t\t\t\t\t\t\t\t\t\t<div class=\"swiper-slide\" data-slide=\"2\" role=\"group\" aria-roledescription=\"slide\" aria-label=\"2 of 2\">\n\t\t\t\t\t\t\t<div class=\"elementor-element elementor-element-91afaf8 e-flex e-con-boxed e-con e-child\" data-id=\"91afaf8\" data-element_type=\"container\" data-e-type=\"container\">\n\t\t\t\t\t<div class=\"e-con-inner\">\n\t\t\t\t<div class=\"elementor-element elementor-element-6bbc070 elementor-widget elementor-widget-image\" data-id=\"6bbc070\" data-element_type=\"widget\" data-e-type=\"widget\" data-widget_type=\"image.default\">\n\t\t\t\t\t\t\t\t\t\t\t\t\t\t\t<img decoding=\"async\" width=\"1790\" height=\"549\" src=\"https:\/\/antrickfilms.com\/wp-content\/uploads\/2025\/11\/Logos-web-fons-blanc-2-final3.jpg\" class=\"attachment-full size-full wp-image-5554\" alt=\"\" srcset=\"https:\/\/antrickfilms.com\/wp-content\/uploads\/2025\/11\/Logos-web-fons-blanc-2-final3.jpg 1790w, https:\/\/antrickfilms.com\/wp-content\/uploads\/2025\/11\/Logos-web-fons-blanc-2-final3-300x92.jpg 300w, https:\/\/antrickfilms.com\/wp-content\/uploads\/2025\/11\/Logos-web-fons-blanc-2-final3-1024x314.jpg 1024w, https:\/\/antrickfilms.com\/wp-content\/uploads\/2025\/11\/Logos-web-fons-blanc-2-final3-768x236.jpg 768w, https:\/\/antrickfilms.com\/wp-content\/uploads\/2025\/11\/Logos-web-fons-blanc-2-final3-1536x471.jpg 1536w\" sizes=\"(max-width: 1790px) 100vw, 1790px\" \/>\t\t\t\t\t\t\t\t\t\t\t\t\t\t\t<\/div>\n\t\t\t\t\t<\/div>\n\t\t\t\t<\/div>\n\t\t\t\t\t\t\t\t<\/div>\n\t\t\t\t\t\t\t\t<\/div>\n\t\t<\/div>\n\t\t\t\t\t<div class=\"elementor-swiper-button elementor-swiper-button-prev\" role=\"button\" tabindex=\"0\" aria-label=\"Previous\">\n\t\t\t\t<svg aria-hidden=\"true\" class=\"e-font-icon-svg e-fas-chevron-circle-left\" viewBox=\"0 0 512 512\" xmlns=\"http:\/\/www.w3.org\/2000\/svg\"><path d=\"M256 504C119 504 8 393 8 256S119 8 256 8s248 111 248 248-111 248-248 248zM142.1 273l135.5 135.5c9.4 9.4 24.6 9.4 33.9 0l17-17c9.4-9.4 9.4-24.6 0-33.9L226.9 256l101.6-101.6c9.4-9.4 9.4-24.6 0-33.9l-17-17c-9.4-9.4-24.6-9.4-33.9 0L142.1 239c-9.4 9.4-9.4 24.6 0 34z\"><\/path><\/svg>\t\t\t<\/div>\n\t\t\t<div class=\"elementor-swiper-button elementor-swiper-button-next\" role=\"button\" tabindex=\"0\" aria-label=\"Next\">\n\t\t\t\t<svg aria-hidden=\"true\" class=\"e-font-icon-svg e-fas-chevron-circle-right\" viewBox=\"0 0 512 512\" xmlns=\"http:\/\/www.w3.org\/2000\/svg\"><path d=\"M256 8c137 0 248 111 248 248S393 504 256 504 8 393 8 256 119 8 256 8zm113.9 231L234.4 103.5c-9.4-9.4-24.6-9.4-33.9 0l-17 17c-9.4 9.4-9.4 24.6 0 33.9L285.1 256 183.5 357.6c-9.4 9.4-9.4 24.6 0 33.9l17 17c9.4 9.4 24.6 9.4 33.9 0L369.9 273c9.4-9.4 9.4-24.6 0-34z\"><\/path><\/svg>\t\t\t<\/div>\n\t\t\t\t\t\t<\/div>\n\t\t\t\t\t<\/div>\n\t\t\t\t<\/div>\n\t\t<div class=\"elementor-element elementor-element-14ead84 e-flex e-con-boxed e-con e-parent\" data-id=\"14ead84\" data-element_type=\"container\" data-e-type=\"container\">\n\t\t\t\t\t<div class=\"e-con-inner\">\n\t\t<div class=\"elementor-element elementor-element-fc5f0b2 e-con-full e-flex e-con e-child\" data-id=\"fc5f0b2\" data-element_type=\"container\" data-e-type=\"container\">\n\t\t\t\t<div class=\"elementor-element elementor-element-0a2155d elementor-mobile-align-center elementor-widget elementor-widget-button\" data-id=\"0a2155d\" data-element_type=\"widget\" data-e-type=\"widget\" data-widget_type=\"button.default\">\n\t\t\t\t\t\t\t\t\t\t<a class=\"elementor-button elementor-button-link elementor-size-sm\" href=\"https:\/\/antrickfilms.com\/ca\/serveis\/\">\n\t\t\t\t\t\t<span class=\"elementor-button-content-wrapper\">\n\t\t\t\t\t\t\t\t\t<span class=\"elementor-button-text\">Descobreix m\u00e9s<\/span>\n\t\t\t\t\t<\/span>\n\t\t\t\t\t<\/a>\n\t\t\t\t\t\t\t\t<\/div>\n\t\t\t\t<div class=\"elementor-element elementor-element-8892189 elementor-mobile-align-center elementor-widget elementor-widget-button\" data-id=\"8892189\" data-element_type=\"widget\" data-e-type=\"widget\" data-widget_type=\"button.default\">\n\t\t\t\t\t\t\t\t\t\t<a class=\"elementor-button elementor-button-link elementor-size-sm\" href=\"https:\/\/antrickfilms.com\/ca\/projectes\/\">\n\t\t\t\t\t\t<span class=\"elementor-button-content-wrapper\">\n\t\t\t\t\t\t\t\t\t<span class=\"elementor-button-text\">Anar a projectes<\/span>\n\t\t\t\t\t<\/span>\n\t\t\t\t\t<\/a>\n\t\t\t\t\t\t\t\t<\/div>\n\t\t\t\t<div class=\"elementor-element elementor-element-944b1bb elementor-mobile-align-center elementor-widget elementor-widget-button\" data-id=\"944b1bb\" data-element_type=\"widget\" data-e-type=\"widget\" data-widget_type=\"button.default\">\n\t\t\t\t\t\t\t\t\t\t<a class=\"elementor-button elementor-button-link elementor-size-sm\" href=\"mailto:info@antrickfilms.com\">\n\t\t\t\t\t\t<span class=\"elementor-button-content-wrapper\">\n\t\t\t\t\t\t\t\t\t<span class=\"elementor-button-text\">Contactar<\/span>\n\t\t\t\t\t<\/span>\n\t\t\t\t\t<\/a>\n\t\t\t\t\t\t\t\t<\/div>\n\t\t\t\t<\/div>\n\t\t\t\t\t<\/div>\n\t\t\t\t<\/div>\n\t\t\t\t<\/div>\n\t\t","protected":false},"excerpt":{"rendered":"<p>Video Branding \u00b7 TV Content \u00b7 Creativity \u00b7 Aerial Shots Benvingut\/da al web d\u2019Antrick Films, especialistes en creaci\u00f3 audiovisual. Considerem el v\u00eddeo com l\u2019eina de comunicaci\u00f3 m\u00e9s potent que existeix, transmissora d\u2019emocions. El \u2018missatger infal\u00b7lible\u2019; clar i directe. On la m\u00fasica comparteix paper protagonista amb la pr\u00f2pia imatge. Cara a cara, d\u2019igual a igual. Creem [&hellip;]<\/p>\n","protected":false},"author":1,"featured_media":0,"parent":0,"menu_order":0,"comment_status":"closed","ping_status":"closed","template":"elementor_theme","meta":{"_acf_changed":false,"footnotes":""},"class_list":["post-5550","page","type-page","status-publish","hentry"],"acf":[],"_links":{"self":[{"href":"https:\/\/antrickfilms.com\/ca\/wp-json\/wp\/v2\/pages\/5550","targetHints":{"allow":["GET"]}}],"collection":[{"href":"https:\/\/antrickfilms.com\/ca\/wp-json\/wp\/v2\/pages"}],"about":[{"href":"https:\/\/antrickfilms.com\/ca\/wp-json\/wp\/v2\/types\/page"}],"author":[{"embeddable":true,"href":"https:\/\/antrickfilms.com\/ca\/wp-json\/wp\/v2\/users\/1"}],"replies":[{"embeddable":true,"href":"https:\/\/antrickfilms.com\/ca\/wp-json\/wp\/v2\/comments?post=5550"}],"version-history":[{"count":3,"href":"https:\/\/antrickfilms.com\/ca\/wp-json\/wp\/v2\/pages\/5550\/revisions"}],"predecessor-version":[{"id":8693,"href":"https:\/\/antrickfilms.com\/ca\/wp-json\/wp\/v2\/pages\/5550\/revisions\/8693"}],"wp:attachment":[{"href":"https:\/\/antrickfilms.com\/ca\/wp-json\/wp\/v2\/media?parent=5550"}],"curies":[{"name":"wp","href":"https:\/\/api.w.org\/{rel}","templated":true}]}}