{"id":5562,"date":"2025-11-25T11:07:42","date_gmt":"2025-11-25T11:07:42","guid":{"rendered":"https:\/\/antrickfilms.com\/serveis\/"},"modified":"2026-03-20T15:25:45","modified_gmt":"2026-03-20T15:25:45","slug":"serveis","status":"publish","type":"page","link":"https:\/\/antrickfilms.com\/ca\/serveis\/","title":{"rendered":"SERVEIS"},"content":{"rendered":"\t\t<div data-elementor-type=\"wp-page\" data-elementor-id=\"5562\" class=\"elementor elementor-5562 elementor-4789\" data-elementor-post-type=\"page\">\n\t\t\t\t<div class=\"elementor-element elementor-element-59b6c0b e-con-full e-flex e-con e-parent\" data-id=\"59b6c0b\" data-element_type=\"container\" data-e-type=\"container\" data-settings=\"{&quot;background_background&quot;:&quot;classic&quot;}\">\n\t\t\t\t<div class=\"elementor-element elementor-element-5f2c951 elementor-hidden-tablet_extra elementor-hidden-tablet elementor-hidden-mobile_extra elementor-hidden-mobile elementor-widget elementor-widget-image\" data-id=\"5f2c951\" data-element_type=\"widget\" data-e-type=\"widget\" data-widget_type=\"image.default\">\n\t\t\t\t\t\t\t\t\t\t\t\t\t\t\t<img fetchpriority=\"high\" decoding=\"async\" width=\"1720\" height=\"485\" src=\"https:\/\/antrickfilms.com\/wp-content\/uploads\/2025\/11\/Antrick-Resplandor-Blanc-e1578506757432.png\" class=\"attachment-full size-full wp-image-5551\" alt=\"\" srcset=\"https:\/\/antrickfilms.com\/wp-content\/uploads\/2025\/11\/Antrick-Resplandor-Blanc-e1578506757432.png 1720w, https:\/\/antrickfilms.com\/wp-content\/uploads\/2025\/11\/Antrick-Resplandor-Blanc-e1578506757432-300x85.png 300w, https:\/\/antrickfilms.com\/wp-content\/uploads\/2025\/11\/Antrick-Resplandor-Blanc-e1578506757432-1024x289.png 1024w, https:\/\/antrickfilms.com\/wp-content\/uploads\/2025\/11\/Antrick-Resplandor-Blanc-e1578506757432-768x217.png 768w, https:\/\/antrickfilms.com\/wp-content\/uploads\/2025\/11\/Antrick-Resplandor-Blanc-e1578506757432-1536x433.png 1536w\" sizes=\"(max-width: 1720px) 100vw, 1720px\" \/>\t\t\t\t\t\t\t\t\t\t\t\t\t\t\t<\/div>\n\t\t\t\t<div class=\"elementor-element elementor-element-1b585d1 elementor-hidden-tablet_extra elementor-hidden-tablet elementor-hidden-mobile_extra elementor-hidden-mobile elementor-widget-divider--view-line elementor-widget elementor-widget-divider\" data-id=\"1b585d1\" data-element_type=\"widget\" data-e-type=\"widget\" data-widget_type=\"divider.default\">\n\t\t\t\t\t\t\t<div class=\"elementor-divider\">\n\t\t\t<span class=\"elementor-divider-separator\">\n\t\t\t\t\t\t<\/span>\n\t\t<\/div>\n\t\t\t\t\t\t<\/div>\n\t\t\t\t<div class=\"elementor-element elementor-element-1a12054 elementor-widget elementor-widget-heading\" data-id=\"1a12054\" data-element_type=\"widget\" data-e-type=\"widget\" data-widget_type=\"heading.default\">\n\t\t\t\t\t<p class=\"elementor-heading-title elementor-size-default\">Video Branding \u00b7 TV Content \u00b7 Creativity \u00b7 Aerial Shots<\/p>\t\t\t\t<\/div>\n\t\t\t\t<\/div>\n\t\t<div class=\"elementor-element elementor-element-7057c48 e-flex e-con-boxed e-con e-parent\" data-id=\"7057c48\" data-element_type=\"container\" data-e-type=\"container\">\n\t\t\t\t\t<div class=\"e-con-inner\">\n\t\t\t\t<div class=\"elementor-element elementor-element-055cc64 elementor-widget elementor-widget-heading\" data-id=\"055cc64\" data-element_type=\"widget\" data-e-type=\"widget\" data-widget_type=\"heading.default\">\n\t\t\t\t\t<h1 class=\"elementor-heading-title elementor-size-default\">PRODUCTES I SERVEIS<\/h1>\t\t\t\t<\/div>\n\t\t\t\t<div class=\"elementor-element elementor-element-03a42f1 elementor-widget elementor-widget-heading\" data-id=\"03a42f1\" data-element_type=\"widget\" data-e-type=\"widget\" data-widget_type=\"heading.default\">\n\t\t\t\t\t<h2 class=\"elementor-heading-title elementor-size-default\">Explicar hist\u00f2ries i connectar amb l\u2019espectador.<\/h2>\t\t\t\t<\/div>\n\t\t\t\t\t<\/div>\n\t\t\t\t<\/div>\n\t\t<div class=\"elementor-element elementor-element-722a7a4 e-flex e-con-boxed e-con e-parent\" data-id=\"722a7a4\" data-element_type=\"container\" data-e-type=\"container\">\n\t\t\t\t\t<div class=\"e-con-inner\">\n\t\t\t\t<div class=\"elementor-element elementor-element-d563099 elementor-widget-divider--view-line elementor-widget elementor-widget-divider\" data-id=\"d563099\" data-element_type=\"widget\" data-e-type=\"widget\" data-widget_type=\"divider.default\">\n\t\t\t\t\t\t\t<div class=\"elementor-divider\">\n\t\t\t<span class=\"elementor-divider-separator\">\n\t\t\t\t\t\t<\/span>\n\t\t<\/div>\n\t\t\t\t\t\t<\/div>\n\t\t\t\t\t<\/div>\n\t\t\t\t<\/div>\n\t\t<div class=\"elementor-element elementor-element-b184831 e-flex e-con-boxed e-con e-parent\" data-id=\"b184831\" data-element_type=\"container\" data-e-type=\"container\">\n\t\t\t\t\t<div class=\"e-con-inner\">\n\t\t<div class=\"elementor-element elementor-element-e34ef17 e-con-full e-flex e-con e-child\" data-id=\"e34ef17\" data-element_type=\"container\" data-e-type=\"container\">\n\t\t<div class=\"elementor-element elementor-element-3933020 e-con-full e-flex e-con e-child\" data-id=\"3933020\" data-element_type=\"container\" data-e-type=\"container\" data-settings=\"{&quot;background_background&quot;:&quot;classic&quot;}\">\n\t\t\t\t<div class=\"elementor-element elementor-element-d1fdc55 elementor-view-default elementor-widget elementor-widget-icon\" data-id=\"d1fdc55\" data-element_type=\"widget\" data-e-type=\"widget\" data-widget_type=\"icon.default\">\n\t\t\t\t\t\t\t<div class=\"elementor-icon-wrapper\">\n\t\t\t<div class=\"elementor-icon\">\n\t\t\t<svg xmlns=\"http:\/\/www.w3.org\/2000\/svg\" height=\"40px\" viewBox=\"0 -960 960 960\" width=\"40px\" fill=\"#2A2A2A\"><path d=\"M680-120q-17 0-28.5-11.5T640-160v-328.67q0-17 11.5-28.5t28.5-11.5h160q17 0 28.5 11.5t11.5 28.5V-160q0 17-11.5 28.5T840-120H680Zm0-66.67h160V-462H680v275.33ZM320-120v-66.67h86.67V-280h-260q-27.5 0-47.09-19.58Q80-319.17 80-346.67v-426.66q0-27.5 19.58-47.09Q119.17-840 146.67-840h586q28.33 0 47.83 19.58 19.5 19.59 19.5 47.09v178h-66.67v-178h.34-587v426.66h426.66V-280h-100v93.33H560V-120H320Zm32.67-296L440-482.67 527.33-416l-32-108.67 88-70.66H474L440-702l-34 106.67H296.67l88 70.66-32 108.67Zm88-144Z\"><\/path><\/svg>\t\t\t<\/div>\n\t\t<\/div>\n\t\t\t\t\t\t<\/div>\n\t\t\t\t<\/div>\n\t\t\t\t<div class=\"elementor-element elementor-element-6073212 elementor-widget elementor-widget-text-editor\" data-id=\"6073212\" data-element_type=\"widget\" data-e-type=\"widget\" data-widget_type=\"text-editor.default\">\n\t\t\t\t\t\t\t\t\t<p>CONTINGUT PER A TV<\/p>\t\t\t\t\t\t\t\t<\/div>\n\t\t\t\t<div class=\"elementor-element elementor-element-a77512f elementor-widget elementor-widget-text-editor\" data-id=\"a77512f\" data-element_type=\"widget\" data-e-type=\"widget\" data-widget_type=\"text-editor.default\">\n\t\t\t\t\t\t\t\t\t<p>Reportatges<\/p><p>Peces per a informatius<\/p><p>Documentals<\/p><p>Programes<\/p>\t\t\t\t\t\t\t\t<\/div>\n\t\t\t\t<\/div>\n\t\t<div class=\"elementor-element elementor-element-835e95c e-con-full e-flex e-con e-child\" data-id=\"835e95c\" data-element_type=\"container\" data-e-type=\"container\">\n\t\t<div class=\"elementor-element elementor-element-d931269 e-con-full e-flex e-con e-child\" data-id=\"d931269\" data-element_type=\"container\" data-e-type=\"container\" data-settings=\"{&quot;background_background&quot;:&quot;classic&quot;}\">\n\t\t\t\t<div class=\"elementor-element elementor-element-89f19c3 elementor-view-default elementor-widget elementor-widget-icon\" data-id=\"89f19c3\" data-element_type=\"widget\" data-e-type=\"widget\" data-widget_type=\"icon.default\">\n\t\t\t\t\t\t\t<div class=\"elementor-icon-wrapper\">\n\t\t\t<div class=\"elementor-icon\">\n\t\t\t<svg aria-hidden=\"true\" class=\"e-font-icon-svg e-fas-rocket\" viewBox=\"0 0 512 512\" xmlns=\"http:\/\/www.w3.org\/2000\/svg\"><path d=\"M505.12019,19.09375c-1.18945-5.53125-6.65819-11-12.207-12.1875C460.716,0,435.507,0,410.40747,0,307.17523,0,245.26909,55.20312,199.05238,128H94.83772c-16.34763.01562-35.55658,11.875-42.88664,26.48438L2.51562,253.29688A28.4,28.4,0,0,0,0,264a24.00867,24.00867,0,0,0,24.00582,24H127.81618l-22.47457,22.46875c-11.36521,11.36133-12.99607,32.25781,0,45.25L156.24582,406.625c11.15623,11.1875,32.15619,13.15625,45.27726,0l22.47457-22.46875V488a24.00867,24.00867,0,0,0,24.00581,24,28.55934,28.55934,0,0,0,10.707-2.51562l98.72834-49.39063c14.62888-7.29687,26.50776-26.5,26.50776-42.85937V312.79688c72.59753-46.3125,128.03493-108.40626,128.03493-211.09376C512.07526,76.5,512.07526,51.29688,505.12019,19.09375ZM384.04033,168A40,40,0,1,1,424.05,128,40.02322,40.02322,0,0,1,384.04033,168Z\"><\/path><\/svg>\t\t\t<\/div>\n\t\t<\/div>\n\t\t\t\t\t\t<\/div>\n\t\t\t\t<\/div>\n\t\t\t\t<div class=\"elementor-element elementor-element-fae798c elementor-widget elementor-widget-text-editor\" data-id=\"fae798c\" data-element_type=\"widget\" data-e-type=\"widget\" data-widget_type=\"text-editor.default\">\n\t\t\t\t\t\t\t\t\t<p>PUBLICITAT<\/p>\t\t\t\t\t\t\t\t<\/div>\n\t\t\t\t<div class=\"elementor-element elementor-element-4b45f65 elementor-widget elementor-widget-text-editor\" data-id=\"4b45f65\" data-element_type=\"widget\" data-e-type=\"widget\" data-widget_type=\"text-editor.default\">\n\t\t\t\t\t\t\t\t\t<p>Spots<\/p><p>V\u00eddeos corporatius<\/p><p>V\u00eddeos promocionals<\/p><p>Peces per a xarxes socials<\/p>\t\t\t\t\t\t\t\t<\/div>\n\t\t\t\t<\/div>\n\t\t<div class=\"elementor-element elementor-element-eab5c7c e-con-full e-flex e-con e-child\" data-id=\"eab5c7c\" data-element_type=\"container\" data-e-type=\"container\">\n\t\t<div class=\"elementor-element elementor-element-aa88539 e-con-full e-flex e-con e-child\" data-id=\"aa88539\" data-element_type=\"container\" data-e-type=\"container\" data-settings=\"{&quot;background_background&quot;:&quot;classic&quot;}\">\n\t\t\t\t<div class=\"elementor-element elementor-element-a4db88c elementor-view-default elementor-widget elementor-widget-icon\" data-id=\"a4db88c\" data-element_type=\"widget\" data-e-type=\"widget\" data-widget_type=\"icon.default\">\n\t\t\t\t\t\t\t<div class=\"elementor-icon-wrapper\">\n\t\t\t<div class=\"elementor-icon\">\n\t\t\t<svg xmlns=\"http:\/\/www.w3.org\/2000\/svg\" height=\"40px\" viewBox=\"0 -960 960 960\" width=\"40px\" fill=\"#2A2A2A\"><path d=\"M315.33-406H560q15 0 25.17-10.5 10.16-10.5 10.16-25.5v-88.67L680-446v-231.33l-84.67 84.66V-682q0-15-10.16-25.17Q575-717.33 560-717.33H315.33q-15 0-25.16 10.16Q280-697 280-682v240q0 15 10.17 25.5 10.16 10.5 25.16 10.5ZM80-80v-733.33q0-27 19.83-46.84Q119.67-880 146.67-880h666.66q27 0 46.84 19.83Q880-840.33 880-813.33v506.66q0 27-19.83 46.84Q840.33-240 813.33-240H240L80-80Z\"><\/path><\/svg>\t\t\t<\/div>\n\t\t<\/div>\n\t\t\t\t\t\t<\/div>\n\t\t\t\t<\/div>\n\t\t\t\t<div class=\"elementor-element elementor-element-838b8b4 elementor-widget elementor-widget-text-editor\" data-id=\"838b8b4\" data-element_type=\"widget\" data-e-type=\"widget\" data-widget_type=\"text-editor.default\">\n\t\t\t\t\t\t\t\t\t<p>SERVEIS COMPLEMENTARIS<\/p>\t\t\t\t\t\t\t\t<\/div>\n\t\t\t\t<div class=\"elementor-element elementor-element-720d8e0 elementor-widget elementor-widget-text-editor\" data-id=\"720d8e0\" data-element_type=\"widget\" data-e-type=\"widget\" data-widget_type=\"text-editor.default\">\n\t\t\t\t\t\t\t\t\t<p>Gravaci\u00f3 amb dron<\/p><p>Fotograf\u00eda<\/p><p>Motion Graphics<\/p><p>V\u00eddeo en Streaming<\/p>\t\t\t\t\t\t\t\t<\/div>\n\t\t\t\t<\/div>\n\t\t\t\t\t<\/div>\n\t\t\t\t<\/div>\n\t\t<div class=\"elementor-element elementor-element-8805283 e-flex e-con-boxed e-con e-parent\" data-id=\"8805283\" data-element_type=\"container\" data-e-type=\"container\">\n\t\t\t\t\t<div class=\"e-con-inner\">\n\t\t\t\t<div class=\"elementor-element elementor-element-1b4e742 elementor-widget-divider--view-line elementor-widget elementor-widget-divider\" data-id=\"1b4e742\" data-element_type=\"widget\" data-e-type=\"widget\" data-widget_type=\"divider.default\">\n\t\t\t\t\t\t\t<div class=\"elementor-divider\">\n\t\t\t<span class=\"elementor-divider-separator\">\n\t\t\t\t\t\t<\/span>\n\t\t<\/div>\n\t\t\t\t\t\t<\/div>\n\t\t\t\t\t<\/div>\n\t\t\t\t<\/div>\n\t\t<div class=\"elementor-element elementor-element-313681d e-flex e-con-boxed e-con e-parent\" data-id=\"313681d\" data-element_type=\"container\" data-e-type=\"container\">\n\t\t\t\t\t<div class=\"e-con-inner\">\n\t\t\t\t<div class=\"elementor-element elementor-element-5932914 elementor-widget elementor-widget-text-editor\" data-id=\"5932914\" data-element_type=\"widget\" data-e-type=\"widget\" data-widget_type=\"text-editor.default\">\n\t\t\t\t\t\t\t\t\t*La teoria est\u00e0 molt b\u00e9, per\u00f2 connecta de ple i fes una volta pels nostres <strong>projectes <\/strong>clicant<span> <strong><a style=\"color: #ff6600;\" href=\"https:\/\/antrickfilms.com\/ca\/projectes\/\">aqu\u00ed<\/a><\/strong>.<\/span>\t\t\t\t\t\t\t\t<\/div>\n\t\t\t\t\t<\/div>\n\t\t\t\t<\/div>\n\t\t<div class=\"elementor-element elementor-element-bf80669 e-flex e-con-boxed e-con e-parent\" data-id=\"bf80669\" data-element_type=\"container\" data-e-type=\"container\">\n\t\t\t\t\t<div class=\"e-con-inner\">\n\t\t<div class=\"elementor-element elementor-element-da73020 e-con-full e-flex e-con e-child\" data-id=\"da73020\" data-element_type=\"container\" data-e-type=\"container\">\n\t\t\t\t<div class=\"elementor-element elementor-element-debc2f4 elementor-mobile-align-center elementor-widget elementor-widget-button\" data-id=\"debc2f4\" data-element_type=\"widget\" data-e-type=\"widget\" data-widget_type=\"button.default\">\n\t\t\t\t\t\t\t\t\t\t<a class=\"elementor-button elementor-button-link elementor-size-sm\" href=\"https:\/\/antrickfilms.com\/ca\/about\/\">\n\t\t\t\t\t\t<span class=\"elementor-button-content-wrapper\">\n\t\t\t\t\t\t\t\t\t<span class=\"elementor-button-text\">Descobreix m\u00e9s<\/span>\n\t\t\t\t\t<\/span>\n\t\t\t\t\t<\/a>\n\t\t\t\t\t\t\t\t<\/div>\n\t\t\t\t<div class=\"elementor-element elementor-element-082efea elementor-mobile-align-center elementor-widget elementor-widget-button\" data-id=\"082efea\" data-element_type=\"widget\" data-e-type=\"widget\" data-widget_type=\"button.default\">\n\t\t\t\t\t\t\t\t\t\t<a class=\"elementor-button elementor-button-link elementor-size-sm\" href=\"https:\/\/antrickfilms.com\/ca\/projectes\/\">\n\t\t\t\t\t\t<span class=\"elementor-button-content-wrapper\">\n\t\t\t\t\t\t\t\t\t<span class=\"elementor-button-text\">Anar a projectes<\/span>\n\t\t\t\t\t<\/span>\n\t\t\t\t\t<\/a>\n\t\t\t\t\t\t\t\t<\/div>\n\t\t\t\t<div class=\"elementor-element elementor-element-87c1f73 elementor-mobile-align-center elementor-widget elementor-widget-button\" data-id=\"87c1f73\" data-element_type=\"widget\" data-e-type=\"widget\" data-widget_type=\"button.default\">\n\t\t\t\t\t\t\t\t\t\t<a class=\"elementor-button elementor-button-link elementor-size-sm\" href=\"mailto:info@antrickfilms.com\">\n\t\t\t\t\t\t<span class=\"elementor-button-content-wrapper\">\n\t\t\t\t\t\t\t\t\t<span class=\"elementor-button-text\">Contactar<\/span>\n\t\t\t\t\t<\/span>\n\t\t\t\t\t<\/a>\n\t\t\t\t\t\t\t\t<\/div>\n\t\t\t\t<\/div>\n\t\t\t\t\t<\/div>\n\t\t\t\t<\/div>\n\t\t\t\t<\/div>\n\t\t","protected":false},"excerpt":{"rendered":"<p>Video Branding \u00b7 TV Content \u00b7 Creativity \u00b7 Aerial Shots PRODUCTES I SERVEIS Explicar hist\u00f2ries i connectar amb l\u2019espectador. CONTINGUT PER A TV Reportatges Peces per a informatius Documentals Programes PUBLICITAT Spots V\u00eddeos corporatius V\u00eddeos promocionals Peces per a xarxes socials SERVEIS COMPLEMENTARIS Gravaci\u00f3 amb dron Fotograf\u00eda Motion Graphics V\u00eddeo en Streaming *La teoria est\u00e0 [&hellip;]<\/p>\n","protected":false},"author":1,"featured_media":0,"parent":0,"menu_order":0,"comment_status":"closed","ping_status":"closed","template":"elementor_theme","meta":{"_acf_changed":false,"footnotes":""},"class_list":["post-5562","page","type-page","status-publish","hentry"],"acf":[],"_links":{"self":[{"href":"https:\/\/antrickfilms.com\/ca\/wp-json\/wp\/v2\/pages\/5562","targetHints":{"allow":["GET"]}}],"collection":[{"href":"https:\/\/antrickfilms.com\/ca\/wp-json\/wp\/v2\/pages"}],"about":[{"href":"https:\/\/antrickfilms.com\/ca\/wp-json\/wp\/v2\/types\/page"}],"author":[{"embeddable":true,"href":"https:\/\/antrickfilms.com\/ca\/wp-json\/wp\/v2\/users\/1"}],"replies":[{"embeddable":true,"href":"https:\/\/antrickfilms.com\/ca\/wp-json\/wp\/v2\/comments?post=5562"}],"version-history":[{"count":3,"href":"https:\/\/antrickfilms.com\/ca\/wp-json\/wp\/v2\/pages\/5562\/revisions"}],"predecessor-version":[{"id":8341,"href":"https:\/\/antrickfilms.com\/ca\/wp-json\/wp\/v2\/pages\/5562\/revisions\/8341"}],"wp:attachment":[{"href":"https:\/\/antrickfilms.com\/ca\/wp-json\/wp\/v2\/media?parent=5562"}],"curies":[{"name":"wp","href":"https:\/\/api.w.org\/{rel}","templated":true}]}}