{"id":6884,"date":"2023-03-01T09:04:51","date_gmt":"2023-03-01T09:04:51","guid":{"rendered":"https:\/\/antrickfilms.com\/avis-legal\/"},"modified":"2026-02-16T12:29:00","modified_gmt":"2026-02-16T12:29:00","slug":"avis-legal","status":"publish","type":"page","link":"https:\/\/antrickfilms.com\/ca\/avis-legal\/","title":{"rendered":"Av\u00eds legal"},"content":{"rendered":"\t\t<div data-elementor-type=\"wp-page\" data-elementor-id=\"6884\" class=\"elementor elementor-6884 elementor-3170\" data-elementor-post-type=\"page\">\n\t\t\t\t<div class=\"elementor-element elementor-element-5434978b e-flex e-con-boxed e-con e-parent\" data-id=\"5434978b\" data-element_type=\"container\" data-e-type=\"container\">\n\t\t\t\t\t<div class=\"e-con-inner\">\n\t\t\t\t<div class=\"elementor-element elementor-element-ca8d6d5 elementor-widget-divider--view-line_text elementor-widget-divider--element-align-center elementor-widget elementor-widget-divider\" data-id=\"ca8d6d5\" data-element_type=\"widget\" data-e-type=\"widget\" data-widget_type=\"divider.default\">\n\t\t\t\t\t\t\t<div class=\"elementor-divider\">\n\t\t\t<span class=\"elementor-divider-separator\">\n\t\t\t\t\t\t\t<h1 class=\"elementor-divider__text elementor-divider__element\">\n\t\t\t\tAv\u00eds legal\t\t\t\t<\/h1>\n\t\t\t\t\t\t<\/span>\n\t\t<\/div>\n\t\t\t\t\t\t<\/div>\n\t\t\t\t<div class=\"elementor-element elementor-element-5b6b8af0 elementor-widget elementor-widget-text-editor\" data-id=\"5b6b8af0\" data-element_type=\"widget\" data-e-type=\"widget\" data-widget_type=\"text-editor.default\">\n\t\t\t\t\t\t\t\t\t<h2>OBJECTE<\/h2><p>El present av\u00eds legal regula l\u2019\u00fas i la utilitzaci\u00f3 del lloc webantrickfilms.comdel qual \u00e9s titularAnthony Pepper Gerrero, en endavant (EL PROPIETARI DE LA WEB)<\/p><p>La navegaci\u00f3 pel lloc web de EL PROPIETARI DE LA WEB atribueix la condici\u00f3 d\u2019usuari del mateix i implica l\u2019acceptaci\u00f3 plena i sense reserves de totes i cadascuna de les disposicions incloses en aquest Av\u00eds Legal, que poden patir modificacions sense av\u00eds previ de EL PROPIETARI DE LA WEB cas en el que es procedir\u00e0 a la seva publicaci\u00f3 i avis el mes aviat possible.<\/p><p>Es recomanable llegir detingudament el seu contingut en cas de voler accedir i fes us de la informaci\u00f3 i dels serveis oferts en aquesta web.<\/p><p>L\u2019usuari s\u2019obliga a fer un \u00fas correcte del lloc web de conformitat amb les lleis, la bona fe, l\u2019ordre p\u00fablic, els usos del tr\u00e0fic i el present Av\u00eds Legal. L\u2019usuari respondr\u00e0 davant al EL PROPIETARI DE LA WEB o davant de tercers, de qualssevol dany i\/o perjudici que poguessin causar com a conseq\u00fc\u00e8ncia de l\u2019incompliment d\u2019aquesta obligaci\u00f3. <\/p><p>Qualsevol utilitzaci\u00f3 diferent a l\u2019autoritzada queda expressament prohibida, pel qual EL PROPIETARI DE LA WEB es reserva el dret de denegar o retirar l\u2019acc\u00e9s i el seu us en qualsevol moment.<\/p><h2>IDENTIFICACI\u00d3<\/h2><p>EL PROPIETARI DE LA WEB en compliment de la Llei 34\/2002, de 11 de juliol, de serveis de la societat de la informaci\u00f3 i de comer\u00e7 electr\u00f2nic, l\u2019informa del seg\u00fcent:<\/p><p>La seva denominaci\u00f3 social \u00e9s: Anthony Pepper Guerrero<br>El seu CIF \u00e9s: X1148639L<br>El seu domicili social est\u00e0 en: C\/ Pere III, 16, 08600 Berga \u2013 Barcelona<\/p><h2>COMUNICACIONS<\/h2><p>Para comunicar-se amb nosaltres, posem a la seva disposici\u00f3 diferents mitjans de contacte que li detallem a continuaci\u00f3:<\/p><p>Tel\u00e8fon: 644 518 786<br>Email: info@antrickfilms.com<\/p><p>Totes les notificacions i comunicacions entre els usuaris i EL PROPIETARI DE LA WEB es consideraran efica\u00e7os, a tots els efectes, quan es realitzin a trav\u00e9s de correu postal o qualsevol altre mitj\u00e0 dels detallats anteriorment.<\/p><h3>CONDICIONS DE ACC\u00c9S Y UTILITZACI\u00d3<\/h3><p>El lloc web i els seus serveis s\u00f3n d\u2019acc\u00e9s lliure i gratu\u00eft, no obstant aix\u00f2, EL PROPIETARI DE LA WEB condiciona la utilitzaci\u00f3 d\u2019alguns dels serveis oferts a la seva web al previ emplenament del corresponent formulari.<\/p><p>L\u2019usuari garanteix l\u2019autenticitat i actualitat de totes aquelles dades que comuniqui a EL PROPIETARI DE LA WEB i ser\u00e0 l\u2019\u00fanic responsable de les manifestacions falses o inexactes que realitzi.<\/p><p>L\u2019usuari es compromet expressament a fer un \u00fas adequat dels continguts i serveis de EL PROPIETARI DE LA WEB i a no fer-los servir per, entre d\u2019altres:<\/p><p>Difondre continguts delictius, violents, pornogr\u00e0fics, racistes, xen\u00f2fobs, ofensius, d&#8217;apologia del terrorisme o, en general, contraris a la llei o a l&#8217;ordre p\u00fablic.<br>Introduir a la xarxa virus inform\u00e0tics o dur a terme actuacions susceptibles d&#8217;alterar, espatllar, interrompre o generar errors o danys en els documents electr\u00f2nics, dades o sistemes f\u00edsics i l\u00f2gics d&#8217;EL PROPIETARI DEL WEB o de terceres persones, aix\u00ed com obstaculitzar l&#8217;acc\u00e9s d&#8217;altres usuaris al lloc web i als seus serveis mitjan\u00e7ant el consum massiu dels recursos inform\u00e0tics a trav\u00e9s dels quals EL PROPIETARI DEL WEB presta els seus serveis.<br>Intentar accedir als comptes de correu electr\u00f2nic d&#8217;altres usuaris o a \u00e0rees restringides dels sistemes inform\u00e0tics d&#8217;EL PROPIETARI DEL WEB o de tercers i, en cas de fer-ho, extreure&#8217;n informaci\u00f3.<br>Vulnerar els drets de propietat intel\u00b7lectual o industrial, aix\u00ed com violar la confidencialitat de la informaci\u00f3 d&#8217;EL PROPIETARI DEL WEB o de tercers.<br>Suplantar la identitat de qualsevol altre usuari o d&#8217;administracions p\u00fabliques.<br>Reproduir, copiar, distribuir, posar a disposici\u00f3 o de qualsevol altra manera comunicar p\u00fablicament, transformar o modificar els continguts, tret que es compti amb l&#8217;autoritzaci\u00f3 del titular dels drets corresponents o que estigui legalment perm\u00e8s.<br>Recollir dades amb finalitat publicit\u00e0ria i remetre publicitat de qualsevol classe i comunicacions amb finalitats de venda o d&#8217;altres de naturalesa comercial sense sol\u00b7licitud pr\u00e8via o sense consentiment.<\/p><p>Tots els continguts del lloc web, com ara textos, fotografies, gr\u00e0fics, imatges, icones, tecnologia, programari, aix\u00ed com el seu disseny gr\u00e0fic i codis font, constitueixen una obra de la qual la propietat pertany a EL PROPIETARI DE LA WEB, sense que puguin entendre cedits a l\u2019 usuari cap dels drets d\u2019explotaci\u00f3 sobre els mateixos m\u00e9s enll\u00e0 de l\u2019estrictament necessari per al correcte \u00fas del web.<\/p><p>En definitiva, els usuaris que accedeixin a aquest lloc web poden visualitzar els continguts i efectuar, si escau, c\u00f2pies privades autoritzades sempre que els elements reprodu\u00efts no siguin cedits posteriorment a tercers, ni s\u2019instal\u00b7lin a servidors connectats a xarxes, ni siguin objecte de cap tipus d\u2019explotaci\u00f3.<\/p><p>Aix\u00ed mateix, totes les marques, noms comercials o signes distintius de qualsevol classe que apareixen al lloc web s\u00f3n propietat de EL PROPIETARI DE LA WEB, sense que pugui entendre que l\u2019\u00fas o acc\u00e9s al mateix atribueixi a l\u2019usuari dret algun sobre els mateixos.<\/p><p>La distribuci\u00f3, modificaci\u00f3, cessi\u00f3 o comunicaci\u00f3 p\u00fablica dels continguts i qualsevol altre acte que no hagi estat expressament autoritzat pel titular dels drets d\u2019explotaci\u00f3 queden prohibits.<\/p><p>L\u2019establiment d\u2019un hiperenlla\u00e7 no implica en cap cas l\u2019exist\u00e8ncia de relacions entre EL PROPIETARI DE LA WEB i el propietari del lloc web en la qual s\u2019estableixi, ni l\u2019acceptaci\u00f3 i aprovaci\u00f3 per part del EL PROPIETARI DE LA WEB dels seus continguts o serveis .<\/p><p>EL PROPIETARI DE LA WEB no es responsabilitza de l\u2019\u00fas que cada usuari li doni als materials posats a disposici\u00f3 en aquest lloc web ni de les actuacions que realitzi en base als mateixos.<\/p><h3> <\/h3><h3>EXCLUSI\u00d3 DE GARANT\u00cdES I DE RESPONSABILITAT EN L&#8217;ACC\u00c9S Y LA UTILITZACI\u00d3<\/h3><p>El contingut del present lloc web \u00e9s de car\u00e0cter general i t\u00e9 una finalitat merament informativa, sense que es garanteixi plenament l\u2019acc\u00e9s a tots els continguts, ni la seva exhaustivitat, correcci\u00f3, vig\u00e8ncia o actualitat, ni la seva idone\u00eftat o utilitat per a un objectiu espec\u00edfic.<\/p><p>EL PROPIETARI DE LA WEB exclou, fins on permet l\u2019ordenament jur\u00eddic, qualsevol responsabilitat pels danys i perjudicis de tota naturalesa derivats de:<\/p><p>a) La impossibilitat d&#8217;acc\u00e9s al lloc web o la falta de veracitat, exactitud, exhaustivitat i\/o actualitat dels continguts, aix\u00ed com l&#8217;exist\u00e8ncia de vicis i defectes de tota classe dels continguts transmesos, difosos, emmagatzemats, posats a disposici\u00f3 als quals s&#8217;hagi accedit a trav\u00e9s del lloc web o dels serveis que s&#8217;ofereixen.<br>b) La pres\u00e8ncia de virus o d&#8217;altres elements en els continguts que puguin produir alteracions en els sistemes inform\u00e0tics, documents electr\u00f2nics o dades dels usuaris.<br>c) L&#8217;incompliment de les lleis, la bona fe, l&#8217;ordre p\u00fablic, els usos del tr\u00e0nsit i aquest av\u00eds legal com a conseq\u00fc\u00e8ncia de l&#8217;\u00fas incorrecte del lloc web. En particular, i a t\u00edtol d&#8217;exemple, EL PROPIETARI DEL WEB no es fa responsable de les actuacions de tercers que vulnerin drets de propietat intel\u00b7lectual i industrial, secrets empresarials, drets a l&#8217;honor, a la intimitat personal i familiar i a la pr\u00f2pia imatge, aix\u00ed com la normativa en mat\u00e8ria de compet\u00e8ncia deslleial i publicitat il\u00b7l\u00edcita. <\/p><p>Asimismo, EL PROPIETARIO DE LA WEB declina cualquier responsabilidad respecto a la informaci\u00f3n que se encuentre fuera de esta web y no sea gestionada directamente por nuestra web m\u00e1ster. La funci\u00f3n de los links que aparecen en esta web es exclusivamente la de informar al usuario sobre la existencia de otras fuentes susceptibles de ampliar los contenidos que ofrece este sitio web. EL PROPIETARIO DE LA WEB no puede garantizar ni se responsabiliza del funcionamiento o accesibilidad de los sitios enlazados, ni sugiere, invita o recomienda la visita a los mismos, por lo que tampoco ser\u00e1 responsable del resultado obtenido. EL PROPIETARIO DE LA WEB no se responsabiliza del establecimiento de hiperv\u00ednculos por parte de terceros.   <\/p><h3>PROCEDIMENT EN CAS DE REALITZACI\u00d3 D&#8217;ACTIVITATS DE CAR\u00c0CTER IL\u00b7L\u00cdCIT<\/h3><p>En el cas que qualsevol usuari o un tercer consideri que existeixen fets o circumst\u00e0ncies que revelin el car\u00e0cter il\u00b7l\u00edcit de la utilitzaci\u00f3 de qualsevol contingut i\/o de la realitzaci\u00f3 de qualsevol activitat en les p\u00e0gines web incloses o accessibles a trav\u00e9s del lloc web, haur\u00e0 enviar una notificaci\u00f3 a EL PROPIETARI DE LA WEB identificant degudament, especificant les suposades infraccions i declarant expressament i sota la seva responsabilitat que la informaci\u00f3 proporcionada en la notificaci\u00f3 \u00e9s exacta.<\/p><h3>PUBLICACIONS<\/h3><p>La informaci\u00f3 administrativa facilitada a trav\u00e9s del lloc web no substitueix la publicitat legal de les lleis, normatives, plans, disposicions generals i actes que hagin de ser publicats formalment als diaris oficials de les administracions p\u00fabliques, que constitueixen l\u2019\u00fanic instrument que d\u00f3na fe de la seva autenticitat i contingut. La informaci\u00f3 disponible en aquest lloc web s\u2019ha d\u2019entendre com una guia sense prop\u00f2sit de validesa legal. <\/p><h2>PROPIETAT INTEL\u00b7LECTUAL I INDUSTRIAL<\/h2><p>EL PROPIETARI DE LA WEB per s\u00ed mateixa o com cession\u00e0ria, es titular de tots els drets de propietat intel\u00b7lectual i industrial de la seva p\u00e0gina web, aix\u00ed com dels elements continguts a la mateixa (a t\u00edtol informatiu, imatges, so, \u00e0udio, v\u00eddeo, software o textos; marques o logotipus, combinacions de colors, estructura i disseny, selecci\u00f3 de materials emprats, programes d\u2019ordinador necessaris pel seu funcionament, acc\u00e9s i us, etc.), titularitat de EL PROPIETARI DE LA WEB. Seran, per conseq\u00fcent, obres protegides com propietat intel\u00b7lectual pel ordenament jur\u00eddic espanyol, sent aplicables tant la normativa espanyola i comunit\u00e0ria en aquest camp, com els tractats Internacionals relatius a la mat\u00e8ria i subscrits per Espanya. <\/p><p>Todos los derechos reservados. En virtud de lo dispuesto en los art\u00edculos 8 y 32.1, p\u00e1rrafo segundo, de la Ley de Propiedad Intelectual, quedan expresamente prohibidas la reproducci\u00f3n, distribuci\u00f3n y comunicaci\u00f3n p\u00fablica, incluida su modalidad de puesta a disposici\u00f3n, de la totalidad o parte de los contenidos de esta p\u00e1gina web, con fines comerciales, en cualquier soporte y por cualquier medio t\u00e9cnico, sin la autorizaci\u00f3n de EL PROPIETARIO DE LA WEB. <\/p><p>L\u2019usuari es compromet a respectar els drets de Propietat Intel\u00b7lectual i Industrial titularitat de EL EL PROPIETARI DE LA WEB. Podr\u00e0 visualitzar els elements del portal i fins i tot imprimir-los, copiar-los i emmagatzemar-los en el disc duro del seu ordinador o a qualsevol altre suport f\u00edsica sempre i quan sigui, \u00fanica i exclusivament, pel seu us personal i privat. L\u2019usuari haur\u00e0 d\u2019abstenir-se de suprimir, alterar, eludir o manipular qualsevol dispositiu de protecci\u00f3 o sistema de seguretat que estigues instal\u00b7lat en les p\u00e0gines de EL PROPIETARI DE LA WEB.  <\/p><h2>ACCIONS LEGALS, LEGISLACI\u00d3 APLICABLE I JURISDICCI\u00d3<\/h2><p>EL PROPIETARI DE LA WEB es reserva, tanmateix, la facultat de presentar les accions civils o penals que consideri oportunes per la utilitzaci\u00f3 indeguda del seu lloc web i els seus continguts, o per l\u2019incompliment de les presents condicions.<\/p><p>La relaci\u00f3 entre l\u2019usuari i el prestador es regir\u00e0 per la normativa vigent i d\u2019aplicaci\u00f3 al territori espanyol. De sorgir qualsevol controv\u00e8rsia les parts podran sotmetre els seus conflictes a arbitratge o rec\u00f3rrer a la jurisdicci\u00f3 ordin\u00e0ria complint amb les normes sobre jurisdicci\u00f3 i compet\u00e8ncia al respecte. EL PROPIETARI DE LA WEB te el seu domicili a Berga,Espanya.  <\/p><p>La llengua utilitzada ser\u00e0 el catal\u00e0.<\/p>\t\t\t\t\t\t\t\t<\/div>\n\t\t\t\t\t<\/div>\n\t\t\t\t<\/div>\n\t\t\t\t<\/div>\n\t\t","protected":false},"excerpt":{"rendered":"<p>Av\u00eds legal OBJECTE El present av\u00eds legal regula l\u2019\u00fas i la utilitzaci\u00f3 del lloc webantrickfilms.comdel qual \u00e9s titularAnthony Pepper Gerrero, en endavant (EL PROPIETARI DE LA WEB) La navegaci\u00f3 pel lloc web de EL PROPIETARI DE LA WEB atribueix la condici\u00f3 d\u2019usuari del mateix i implica l\u2019acceptaci\u00f3 plena i sense reserves de totes i cadascuna [&hellip;]<\/p>\n","protected":false},"author":1,"featured_media":0,"parent":0,"menu_order":0,"comment_status":"closed","ping_status":"closed","template":"","meta":{"_acf_changed":false,"footnotes":""},"class_list":["post-6884","page","type-page","status-publish","hentry"],"acf":[],"_links":{"self":[{"href":"https:\/\/antrickfilms.com\/ca\/wp-json\/wp\/v2\/pages\/6884","targetHints":{"allow":["GET"]}}],"collection":[{"href":"https:\/\/antrickfilms.com\/ca\/wp-json\/wp\/v2\/pages"}],"about":[{"href":"https:\/\/antrickfilms.com\/ca\/wp-json\/wp\/v2\/types\/page"}],"author":[{"embeddable":true,"href":"https:\/\/antrickfilms.com\/ca\/wp-json\/wp\/v2\/users\/1"}],"replies":[{"embeddable":true,"href":"https:\/\/antrickfilms.com\/ca\/wp-json\/wp\/v2\/comments?post=6884"}],"version-history":[{"count":0,"href":"https:\/\/antrickfilms.com\/ca\/wp-json\/wp\/v2\/pages\/6884\/revisions"}],"wp:attachment":[{"href":"https:\/\/antrickfilms.com\/ca\/wp-json\/wp\/v2\/media?parent=6884"}],"curies":[{"name":"wp","href":"https:\/\/api.w.org\/{rel}","templated":true}]}}