{"id":6890,"date":"2023-03-01T09:08:41","date_gmt":"2023-03-01T09:08:41","guid":{"rendered":"https:\/\/antrickfilms.com\/politica-de-privadesa\/"},"modified":"2026-02-16T12:47:02","modified_gmt":"2026-02-16T12:47:02","slug":"politica-de-privadesa","status":"publish","type":"page","link":"https:\/\/antrickfilms.com\/ca\/politica-de-privadesa\/","title":{"rendered":"Pol\u00edtica de privadesa"},"content":{"rendered":"\t\t<div data-elementor-type=\"wp-page\" data-elementor-id=\"6890\" class=\"elementor elementor-6890 elementor-3175\" data-elementor-post-type=\"page\">\n\t\t\t\t<div class=\"elementor-element elementor-element-3e98fcdc e-flex e-con-boxed e-con e-parent\" data-id=\"3e98fcdc\" data-element_type=\"container\" data-e-type=\"container\">\n\t\t\t\t\t<div class=\"e-con-inner\">\n\t\t\t\t<div class=\"elementor-element elementor-element-1ab077b elementor-widget-divider--view-line_text elementor-widget-divider--element-align-center elementor-widget elementor-widget-divider\" data-id=\"1ab077b\" data-element_type=\"widget\" data-e-type=\"widget\" data-widget_type=\"divider.default\">\n\t\t\t\t\t\t\t<div class=\"elementor-divider\">\n\t\t\t<span class=\"elementor-divider-separator\">\n\t\t\t\t\t\t\t<h1 class=\"elementor-divider__text elementor-divider__element\">\n\t\t\t\tPol\u00edtica de privadesa\t\t\t\t<\/h1>\n\t\t\t\t\t\t<\/span>\n\t\t<\/div>\n\t\t\t\t\t\t<\/div>\n\t\t\t\t<div class=\"elementor-element elementor-element-1d8bc602 elementor-widget elementor-widget-text-editor\" data-id=\"1d8bc602\" data-element_type=\"widget\" data-e-type=\"widget\" data-widget_type=\"text-editor.default\">\n\t\t\t\t\t\t\t\t\tA continuaci\u00f3, us indiquem detalladament els tractaments de dades personals que realitzem, aix\u00ed com tota la informaci\u00f3 relativa a aquests.\r\n\r\nTractament de les dades de potencials clients i contactes web\r\n<table style=\"border-collapse: collapse; width: 100%; height: 428px;\">\r\n<tbody>\r\n<tr style=\"height: 23px;\">\r\n<td style=\"width: 50%; height: 23px;\">Informaci\u00f3 b\u00e0sica sobre protecci\u00f3 de dades<\/td>\r\n<td style=\"width: 50%; height: 23px;\"><\/td>\r\n<\/tr>\r\n<tr style=\"height: 23px;\">\r\n<td style=\"width: 50%; height: 23px;\">Responsable:<\/td>\r\n<td style=\"width: 50%; height: 23px;\">Anthony Pepper Guerrero<\/td>\r\n<\/tr>\r\n<tr style=\"height: 46px;\">\r\n<td style=\"width: 50%; height: 46px;\">Finalitat:<\/td>\r\n<td style=\"width: 50%; height: 46px;\">Atendre la vostra sol\u00b7licitud i enviar-vos comunicacions comercials<\/td>\r\n<\/tr>\r\n<tr style=\"height: 151px;\">\r\n<td style=\"width: 50%; height: 151px;\">Legitimaci\u00f3:<\/td>\r\n<td style=\"width: 50%; height: 151px;\">Execuci\u00f3 d&#8217;un contracte. Consentiment de l&#8217;interessat. \r\n\r\nInter\u00e8s leg\u00edtim del Responsable.<\/td>\r\n<\/tr>\r\n<tr style=\"height: 46px;\">\r\n<td style=\"width: 50%; height: 46px;\">Destinataris:<\/td>\r\n<td style=\"width: 50%; height: 46px;\">No es cediran dades a tercers, tret d&#8217;obligaci\u00f3 legal.<\/td>\r\n<\/tr>\r\n<tr style=\"height: 116px;\">\r\n<td style=\"width: 50%; height: 116px;\">Drets:<\/td>\r\n<td style=\"width: 50%; height: 116px;\">Teniu dret a accedir, rectificar i suprimir les dades, aix\u00ed com altres drets, indicats en la informaci\u00f3 addicional, que podeu exercir adre\u00e7ant-vos a l&#8217;adre\u00e7a del responsable del tractament<\/td>\r\n<\/tr>\r\n<tr style=\"height: 23px;\">\r\n<td style=\"width: 50%; height: 23px;\">Proced\u00e8ncia:<\/td>\r\n<td style=\"width: 50%; height: 23px;\">El propi interessat<\/td>\r\n<\/tr>\r\n<\/tbody>\r\n<\/table>\r\nInformaci\u00f3 completa sobre Protecci\u00f3 de Dades\r\n<h2>QUI \u00c9S EL RESPONSABLE DEL TRACTAMENT DE LES VOSTRES DADES?<\/h2>\r\nAnthony Pepper Guerrero\r\n\r\nX1148639L\r\n\r\ninfo@antrickfilms.com\r\n\r\nC\/Pere III, 16, (08600) Berga\r\n\r\n644 518 786\r\n<h2>AMB QUINA FINALITAT TRACTEM LES VOSTRES DADES PERSONALS?<\/h2>\r\nA Anthony Pepper Guerrero tracto la informaci\u00f3 que ens faciliten les persones interessades per tal de realitzar un seguiment de potencials clients que s&#8217;han interessat pels nostres productes i\/o serveis, aix\u00ed com altres contactes comercials i realitzar, si escau, l&#8217;enviament de comunicacions comercials fins i tot per via electr\u00f2nica. En cas que no faciliteu les vostres dades personals, no podrem complir amb les finalitats descrites. \r\n\r\nNo es prendran decisions automatitzades basades en les dades proporcionades.\r\n<h2>PER QUANT DE TEMPS CONSERVAR\u00c9 LES VOSTRES DADES?<\/h2>\r\nLes dades es conservaran mentre l&#8217;interessat no en sol\u00b7liciti la supressi\u00f3.\r\n<h2>QUINA \u00c9S LA LEGITIMACI\u00d3 PER AL TRACTAMENT DE LES VOSTRES DADES?<\/h2>\r\nUs indiquem la base legal per al tractament de les vostres dades:\r\n\r\nExecuci\u00f3 d&#8217;un contracte: Gesti\u00f3 de clients potencials que s&#8217;han interessat pels nostres productes i serveis. (RGPD, art. 6.1.b). \r\nConsentiment de l&#8217;interessat: Enviar comunicacions comercials, fins i tot per via electr\u00f2nica. (RGPD, art. 6.1.a, LSSICE art. 21). \r\nInter\u00e8s leg\u00edtim del Responsable: Gesti\u00f3 de les dades de contacte professionals (LOPDGDD art. 19, RGPD art. 6.1.f).\r\n<h2>A QUINS DESTINATARIS ES COMUNICARAN LES VOSTRES DADES?<\/h2>\r\nNo es cediran dades a tercers, tret d&#8217;obligaci\u00f3 legal.\r\n<h2>TRANSFER\u00c8NCIES DE DADES A TERCERS PA\u00cfSOS<\/h2>\r\nNo estan previstes transfer\u00e8ncies de dades a tercers pa\u00efsos.\r\n<h2>QUINS S\u00d3N ELS VOSTRES DRETS QUAN ENS FACILITEU LES VOSTRES DADES?<\/h2>\r\nQualsevol persona t\u00e9 dret a obtenir confirmaci\u00f3 sobre si a Anthony Pepper Guerrero estic tractant, o no, dades personals que els concerneixin.\r\n\r\nLes persones interessades tenen dret a accedir a les seves dades personals, aix\u00ed com a sol\u00b7licitar la rectificaci\u00f3 de les dades inexactes o, si escau, sol\u00b7licitar-ne la supressi\u00f3 quan, entre altres motius, les dades ja no siguin necess\u00e0ries per a les finalitats per a les quals van ser recollides. Aix\u00ed mateix, teniu dret a la portabilitat de les vostres dades. \r\n\r\nEn determinades circumst\u00e0ncies, els interessats podran sol\u00b7licitar la limitaci\u00f3 del tractament de les seves dades, cas en el qual \u00fanicament les conservarem per a l&#8217;exercici o la defensa de reclamacions.\r\n\r\nEn determinades circumst\u00e0ncies i per motius relacionats amb la seva situaci\u00f3 particular, els interessats podran oposar-se al tractament de les dades. En aquest cas, Anthony Pepper Guerrero deixar\u00e0 de tractar les dades, tret de motius leg\u00edtims imperiosos, o l&#8217;exercici o la defensa de possibles reclamacions. \r\n\r\nPodreu exercir materialment els vostres drets de la seg\u00fcent forma: adre\u00e7ant-vos a l&#8217;adre\u00e7a del responsable del tractament\r\n\r\nQuan es realitzi l&#8217;enviament de comunicacions comercials utilitzant com a base jur\u00eddica l&#8217;inter\u00e8s leg\u00edtim del responsable, l&#8217;interessat es podr\u00e0 oposar al tractament de les dades amb aquesta finalitat.\r\n\r\nSi heu atorgat el vostre consentiment per a alguna finalitat concreta, teniu dret a retirar el consentiment atorgat en qualsevol moment, sense que aix\u00f2 afecti la licitud del tractament basat en el consentiment previ a la seva retirada.\r\n\r\nEn cas que sentiu vulnerats els vostres drets pel que fa a la protecci\u00f3 de les vostres dades personals, especialment quan no h\u00e0giu obtingut satisfacci\u00f3 en l&#8217;exercici dels vostres drets, podeu presentar una reclamaci\u00f3 davant l&#8217;Autoritat de Control en mat\u00e8ria de protecci\u00f3 de dades competent a trav\u00e9s del seu lloc web: www.aepd.es.\r\n<h2>COM HEM OBTINGUT LES VOSTRES DADES?<\/h2>\r\nLes dades personals que tracto a Anthony Pepper Guerrero procedeixen de: El propi interessat.\r\n\r\nLes categories de dades que es tracten s\u00f3n:\r\n\r\nDades identificatives.\t\t\t\t\t\t\t\t<\/div>\n\t\t\t\t\t<\/div>\n\t\t\t\t<\/div>\n\t\t\t\t<\/div>\n\t\t","protected":false},"excerpt":{"rendered":"<p>Pol\u00edtica de privadesa A continuaci\u00f3, us indiquem detalladament els tractaments de dades personals que realitzem, aix\u00ed com tota la informaci\u00f3 relativa a aquests. Tractament de les dades de potencials clients i contactes web Informaci\u00f3 b\u00e0sica sobre protecci\u00f3 de dades Responsable: Anthony Pepper Guerrero Finalitat: Atendre la vostra sol\u00b7licitud i enviar-vos comunicacions comercials Legitimaci\u00f3: Execuci\u00f3 d&#8217;un [&hellip;]<\/p>\n","protected":false},"author":1,"featured_media":0,"parent":0,"menu_order":0,"comment_status":"closed","ping_status":"closed","template":"","meta":{"_acf_changed":false,"footnotes":""},"class_list":["post-6890","page","type-page","status-publish","hentry"],"acf":[],"_links":{"self":[{"href":"https:\/\/antrickfilms.com\/ca\/wp-json\/wp\/v2\/pages\/6890","targetHints":{"allow":["GET"]}}],"collection":[{"href":"https:\/\/antrickfilms.com\/ca\/wp-json\/wp\/v2\/pages"}],"about":[{"href":"https:\/\/antrickfilms.com\/ca\/wp-json\/wp\/v2\/types\/page"}],"author":[{"embeddable":true,"href":"https:\/\/antrickfilms.com\/ca\/wp-json\/wp\/v2\/users\/1"}],"replies":[{"embeddable":true,"href":"https:\/\/antrickfilms.com\/ca\/wp-json\/wp\/v2\/comments?post=6890"}],"version-history":[{"count":0,"href":"https:\/\/antrickfilms.com\/ca\/wp-json\/wp\/v2\/pages\/6890\/revisions"}],"wp:attachment":[{"href":"https:\/\/antrickfilms.com\/ca\/wp-json\/wp\/v2\/media?parent=6890"}],"curies":[{"name":"wp","href":"https:\/\/api.w.org\/{rel}","templated":true}]}}