{"id":6896,"date":"2023-03-01T09:10:34","date_gmt":"2023-03-01T09:10:34","guid":{"rendered":"https:\/\/antrickfilms.com\/politica-de-cookies\/"},"modified":"2026-02-16T12:54:50","modified_gmt":"2026-02-16T12:54:50","slug":"politica-de-cookies","status":"publish","type":"page","link":"https:\/\/antrickfilms.com\/ca\/politica-de-cookies\/","title":{"rendered":"Pol\u00edtica de Cookies"},"content":{"rendered":"\t\t<div data-elementor-type=\"wp-page\" data-elementor-id=\"6896\" class=\"elementor elementor-6896 elementor-3180\" data-elementor-post-type=\"page\">\n\t\t\t\t<div class=\"elementor-element elementor-element-41362e7b e-flex e-con-boxed e-con e-parent\" data-id=\"41362e7b\" data-element_type=\"container\" data-e-type=\"container\">\n\t\t\t\t\t<div class=\"e-con-inner\">\n\t\t\t\t<div class=\"elementor-element elementor-element-f7ae24c elementor-widget-divider--view-line_text elementor-widget-divider--element-align-center elementor-widget elementor-widget-divider\" data-id=\"f7ae24c\" data-element_type=\"widget\" data-e-type=\"widget\" data-widget_type=\"divider.default\">\n\t\t\t\t\t\t\t<div class=\"elementor-divider\">\n\t\t\t<span class=\"elementor-divider-separator\">\n\t\t\t\t\t\t\t<h1 class=\"elementor-divider__text elementor-divider__element\">\n\t\t\t\tPol\u00edtica de Cookies\t\t\t\t<\/h1>\n\t\t\t\t\t\t<\/span>\n\t\t<\/div>\n\t\t\t\t\t\t<\/div>\n\t\t\t\t<div class=\"elementor-element elementor-element-63c6c348 elementor-widget elementor-widget-text-editor\" data-id=\"63c6c348\" data-element_type=\"widget\" data-e-type=\"widget\" data-widget_type=\"text-editor.default\">\n\t\t\t\t\t\t\t\t\t<h2>QU\u00c8 S\u00d3N LES COOKIES?<\/h2>\nUna cookie \u00e9s un fitxer que es baixa al vostre ordinador en accedir a determinades p\u00e0gines web. Les cookies permeten a una p\u00e0gina web, entre altres coses, emmagatzemar i recuperar informaci\u00f3 sobre els h\u00e0bits de navegaci\u00f3 d&#8217;un usuari o del seu equip i, depenent de la informaci\u00f3 que continguin i de la forma com utilitzi el seu equip, es poden utilitzar per recon\u00e8ixer l&#8217;usuari. \n\nPer a qu\u00e8 utilitza les cookies aquest lloc web i quines s\u00f3n?\n\nAquest lloc web utilitza les cookies per a una s\u00e8rie de finalitats, incloent-hi:\n\nAn\u00e0lisi: s\u00f3n aquelles cookies que, tractades per nosaltres o per tercers, ens permeten quantificar el nombre d&#8217;usuaris i aix\u00ed realitzar el mesurament i l&#8217;an\u00e0lisi estad\u00edstica de la utilitzaci\u00f3 que fan els usuaris del servei. Per a aix\u00f2, s&#8217;analitza la seva navegaci\u00f3 a la nostra p\u00e0gina web amb la finalitat de millorar l&#8217;experi\u00e8ncia de l&#8217;usuari. \n\nEl detall de les cookies utilitzades en aquest lloc web \u00e9s el seg\u00fcent:\n<table>\n<tbody>\n<tr>\n<td width=\"60\"><strong>Cookies<\/strong><\/td>\n<td width=\"78\"><strong>Nom<\/strong><\/td>\n<td width=\"72\"><strong>Tipus<\/strong><\/td>\n<td width=\"240\"><strong>Prop\u00f2sit<\/strong><\/td>\n<td width=\"150\"><strong>M\u00e9s informaci\u00f3<\/strong><\/td>\n<\/tr>\n<tr>\n<td width=\"0\">__utma __utmb __utmc __utmz _ga _gat<\/td>\n<td width=\"0\">Google Analytics<\/td>\n<td width=\"0\">De tercers<\/td>\n<td width=\"0\">Recollir informaci\u00f3 sobre la navegaci\u00f3 dels usuaris pel lloc amb la finalitat de con\u00e8ixer l&#8217;origen de les visites i altres dades similars a escala estad\u00edstica. No obt\u00e9 dades dels noms o cognoms dels usuaris ni de l&#8217;adre\u00e7a postal concreta des de la qual es connecten <\/td>\n<td width=\"0\">Google Analytics Centre de privadesa de Google: http:\/\/www.google.com\/intl\/es\/policies\/privacy\/<\/td>\n<\/tr>\n<tr>\n<td width=\"0\">mailchimp_landing_site<\/td>\n<td width=\"0\">Mailchimp<\/td>\n<td width=\"0\">De tercers<\/td>\n<td width=\"0\">Cookies relacionades amb el gestor de butlletins Mailchimp<\/td>\n<td width=\"0\">Intuit: https:\/\/www.intuit.com\/privacy\/statement\/<\/td>\n<\/tr>\n<tr>\n<td width=\"0\">cookie_notice_accepted<\/td>\n<td width=\"0\">Gestor de <\/td>Cookies\n<td width=\"0\">De tercers<\/td>\n<td width=\"0\">Saber si s&#8217;han acceptat i, per tant, es poden desar cookies<\/td>\n<td width=\"0\"><\/td>\n<\/tr>\n<\/tbody>\n<\/table>\nNota: Les cookies de tipus &#8216;Pr\u00f2pies&#8217; s\u00f3n utilitzades nom\u00e9s pel propietari d&#8217;aquest web i les cookies &#8216;De tercers&#8217; s\u00f3n utilitzades pel prestador del servei que est\u00e0 detallat en el quadre anterior.\n<h2>COM PUC DESACTIVAR O ELIMINAR AQUESTES COOKIES?<\/h2>\nPodeu permetre, bloquejar o eliminar les cookies instal\u00b7lades al vostre equip mitjan\u00e7ant la configuraci\u00f3 de les opcions del navegador instal\u00b7lat al vostre ordinador:\n\nFirefox: http:\/\/support.mozilla.org\/es\/kb\/habilitar-y-deshabilitar-cookies-que-los-sitios-we\n\nChrome: http:\/\/support.google.com\/chrome\/bin\/answer.py?hl=es&amp;answer=95647\n\nExplorer: http:\/\/windows.microsoft.com\/es-es\/windows7\/how-to-manage-cookies-in-internet-explorer-9\n\nSafari: http:\/\/support.apple.com\/kb\/ph5042\n\nOpera: http:\/\/help.opera.com\/Windows\/11.50\/es-ES\/cookies.html\n\nAltres navegadors\n\nConsulteu la documentaci\u00f3 del navegador que tingueu instal\u00b7lat.\n\nComplement d&#8217;inhabilitaci\u00f3 per a navegadors de Google Analytics\n\nSi voleu rebutjar les cookies anal\u00edtiques de Google Analytics en tots els navegadors, de manera que no s&#8217;envi\u00ef la vostra informaci\u00f3 a Google Analytics, podeu baixar un complement que realitza aquesta funci\u00f3 des d&#8217;aquest enlla\u00e7:\n\nhttps:\/\/tools.google.com\/dlpage\/gaoptout.\n\nExercici de drets\n\nPodeu con\u00e8ixer i exercir els vostres drets en mat\u00e8ria de protecci\u00f3 de dades accedint a la nostra Pol\u00edtica de privadesa.\t\t\t\t\t\t\t\t<\/div>\n\t\t\t\t\t<\/div>\n\t\t\t\t<\/div>\n\t\t\t\t<\/div>\n\t\t","protected":false},"excerpt":{"rendered":"<p>Pol\u00edtica de Cookies QU\u00c8 S\u00d3N LES COOKIES? Una cookie \u00e9s un fitxer que es baixa al vostre ordinador en accedir a determinades p\u00e0gines web. Les cookies permeten a una p\u00e0gina web, entre altres coses, emmagatzemar i recuperar informaci\u00f3 sobre els h\u00e0bits de navegaci\u00f3 d&#8217;un usuari o del seu equip i, depenent de la informaci\u00f3 que [&hellip;]<\/p>\n","protected":false},"author":1,"featured_media":0,"parent":0,"menu_order":0,"comment_status":"closed","ping_status":"closed","template":"","meta":{"_acf_changed":false,"footnotes":""},"class_list":["post-6896","page","type-page","status-publish","hentry"],"acf":[],"_links":{"self":[{"href":"https:\/\/antrickfilms.com\/ca\/wp-json\/wp\/v2\/pages\/6896","targetHints":{"allow":["GET"]}}],"collection":[{"href":"https:\/\/antrickfilms.com\/ca\/wp-json\/wp\/v2\/pages"}],"about":[{"href":"https:\/\/antrickfilms.com\/ca\/wp-json\/wp\/v2\/types\/page"}],"author":[{"embeddable":true,"href":"https:\/\/antrickfilms.com\/ca\/wp-json\/wp\/v2\/users\/1"}],"replies":[{"embeddable":true,"href":"https:\/\/antrickfilms.com\/ca\/wp-json\/wp\/v2\/comments?post=6896"}],"version-history":[{"count":0,"href":"https:\/\/antrickfilms.com\/ca\/wp-json\/wp\/v2\/pages\/6896\/revisions"}],"wp:attachment":[{"href":"https:\/\/antrickfilms.com\/ca\/wp-json\/wp\/v2\/media?parent=6896"}],"curies":[{"name":"wp","href":"https:\/\/api.w.org\/{rel}","templated":true}]}}